{"id":35135,"date":"2021-03-01T08:20:27","date_gmt":"2021-03-01T07:20:27","guid":{"rendered":"https:\/\/midsummer.se\/emission-acc\/"},"modified":"2023-08-15T10:31:40","modified_gmt":"2023-08-15T08:31:40","slug":"emission-acc","status":"publish","type":"page","link":"https:\/\/midsummer.se\/it\/investors\/emission-acc\/","title":{"rendered":"Emission"},"content":{"rendered":"\t\t<div data-elementor-type=\"wp-page\" data-elementor-id=\"35135\" class=\"elementor elementor-35135\" data-elementor-post-type=\"page\">\n\t\t\t\t\t\t<section class=\"elementor-section elementor-top-section elementor-element elementor-element-ec1f608 elementor-section-full_width section-margin mt pb elementor-section-height-default elementor-section-height-default\" data-id=\"ec1f608\" data-element_type=\"section\" data-e-type=\"section\">\n\t\t\t\t\t\t<div class=\"elementor-container elementor-column-gap-default\">\n\t\t\t\t\t<div class=\"elementor-column elementor-col-100 elementor-top-column elementor-element elementor-element-19db439\" data-id=\"19db439\" data-element_type=\"column\" data-e-type=\"column\">\n\t\t\t<div class=\"elementor-widget-wrap elementor-element-populated\">\n\t\t\t\t\t\t<div class=\"elementor-element elementor-element-0642d7e elementor-widget elementor-widget-heading\" data-id=\"0642d7e\" data-element_type=\"widget\" data-e-type=\"widget\" data-widget_type=\"heading.default\">\n\t\t\t\t<div class=\"elementor-widget-container\">\n\t\t\t\t\t<h4 class=\"elementor-heading-title elementor-size-default\">Viktig Information<\/h4>\t\t\t\t<\/div>\n\t\t\t\t<\/div>\n\t\t\t\t<div class=\"elementor-element elementor-element-be7dd34 elementor-widget elementor-widget-text-editor\" data-id=\"be7dd34\" data-element_type=\"widget\" data-e-type=\"widget\" data-widget_type=\"text-editor.default\">\n\t\t\t\t<div class=\"elementor-widget-container\">\n\t\t\t\t\t\t\t\t\t<p>P\u00e5 grund av legala restriktioner \u00e4r den h\u00e4r delen av Midsummer AB:s (\u201dMidsummer\u201d) webbplats inte tillg\u00e4nglig f\u00f6r vissa personer. Vi ber dig d\u00e4rf\u00f6r att ta del av f\u00f6ljande information och l\u00e4mna f\u00f6ljande bekr\u00e4ftelse varje g\u00e5ng du \u00f6nskar f\u00e5 tillg\u00e5ng till dessa webbsidor. V\u00e4nligen notera att villkoren nedan kan komma att \u00e4ndras eller uppdateras och att det d\u00e4rf\u00f6r \u00e4r viktigt att du l\u00e4ser dem varje g\u00e5ng du bes\u00f6ker denna sida.<\/p><p>Informationen p\u00e5 denna del av Midsummers webbplats \u00e4r inte avsedd f\u00f6r, och f\u00e5r inte, direkt eller indirekt, helt eller delvis, \u00e5tkommas av, distribueras eller spridas till personer som bor eller befinner sig i USA, Australien, Japan, Kanada eller n\u00e5gon annan jurisdiktion d\u00e4r\/om s\u00e5dan distribution kr\u00e4ver ytterligare prospekt, registrering eller andra \u00e5tg\u00e4rder \u00e4n de som f\u00f6ljer av svensk r\u00e4tt eller annars strider mot reglerna i s\u00e5dan jurisdiktion eller inte kan ske utan till\u00e4mpning av undantag fr\u00e5n s\u00e5dan \u00e5tg\u00e4rd. Informationen p\u00e5 webbsidorna utg\u00f6r inte n\u00e5got erbjudande avseende unitr\u00e4tter, betalda tecknade units, aktier, teckningsoptioner eller andra v\u00e4rdepapper utgivna av Midsummer (\u201dV\u00e4rdepapper\u201d) till n\u00e5gon person i n\u00e4mnda jurisdiktioner. Informationen p\u00e5 webbsidorna f\u00e5r inte heller vidarebefordras eller reproduceras p\u00e5 s\u00e4tt som st\u00e5r i strid med s\u00e5dana restriktioner eller skulle inneb\u00e4ra s\u00e5dana krav.<\/p><p>Inga V\u00e4rdepapper har registrerats eller kommer att registreras enligt United States Securities Act fr\u00e5n 1933 enligt dess senaste lydelse (\u201dSecurities Act\u201d) och inte heller enligt n\u00e5gon motsvarande lag i n\u00e5gon delstat eller annan jurisdiktion i USA och f\u00e5r inte erbjudas, tecknas, utnyttjas, pants\u00e4ttas, s\u00e4ljas, \u00e5terf\u00f6rs\u00e4ljas, tilldelas, levereras eller p\u00e5 annat s\u00e4tt \u00f6verf\u00f6ras, direkt eller indirekt, i eller till USA, f\u00f6rutom enligt ett till\u00e4mpligt undantag fr\u00e5n, eller genom en transaktion som inte omfattas av, registreringskraven i Securities Act och i enlighet med v\u00e4rdepapperslagstiftningen i relevant delstat eller annan jurisdiktion i USA.<\/p><p>Inom det Europeiska ekonomiska samarbetsomr\u00e5det (\u201dEES\u201d) l\u00e4mnas inget erbjudande av V\u00e4rdepapper till allm\u00e4nheten i n\u00e5got annat land \u00e4n Sverige. I andra medlemsl\u00e4nder i den Europeiska Unionen (\u201dEU\u201d) kan ett s\u00e5dant erbjudande endast l\u00e4mnas i enlighet med undantag i Prospektf\u00f6rordningen (EU) 2017\/1129 (\u201dProspektf\u00f6rordningen\u201d). I andra l\u00e4nder i EES som har implementerat Prospektf\u00f6rordningen i nationell lagstiftning kan ett s\u00e5dant erbjudande endast l\u00e4mnas i enlighet med undantag i Prospektf\u00f6rordningen samt i enlighet med varje relevant implementerings\u00e5tg\u00e4rd. I \u00f6vriga l\u00e4nder i EES som inte har implementerat Prospektf\u00f6rordningen i nationell lagstiftning kan ett s\u00e5dant erbjudande endast l\u00e4mnas i enlighet med till\u00e4mpligt undantag i den nationella lagstiftningen.<\/p><p>F\u00f6r att vara ber\u00e4ttigad att ta del av informationen p\u00e5 f\u00f6ljande webbsida ska du anses, om du tar del av f\u00f6ljande webbsida, ha bekr\u00e4ftat och utf\u00e4st att (i) du har tagit del av och accepterar de villkor och restriktioner som angivits ovan, samt (ii) du inte befinner dig i USA, Australien, Japan, Kanada eller n\u00e5gon annan jurisdiktion d\u00e4r offentligg\u00f6rande, distribution eller publicering skulle vara otill\u00e5ten enligt till\u00e4mplig lag eller g\u00e4llande regler.<\/p>\t\t\t\t\t\t\t\t<\/div>\n\t\t\t\t<\/div>\n\t\t\t\t<section class=\"elementor-section elementor-inner-section elementor-element elementor-element-2eb7812 elementor-section-boxed elementor-section-height-default elementor-section-height-default\" data-id=\"2eb7812\" data-element_type=\"section\" data-e-type=\"section\">\n\t\t\t\t\t\t<div class=\"elementor-container elementor-column-gap-default\">\n\t\t\t\t\t<div class=\"elementor-column elementor-col-50 elementor-inner-column elementor-element elementor-element-29b83b7\" data-id=\"29b83b7\" data-element_type=\"column\" data-e-type=\"column\">\n\t\t\t<div class=\"elementor-widget-wrap elementor-element-populated\">\n\t\t\t\t\t\t<div class=\"elementor-element elementor-element-745df2e elementor-align-justify elementor-widget elementor-widget-button\" data-id=\"745df2e\" data-element_type=\"widget\" data-e-type=\"widget\" data-widget_type=\"button.default\">\n\t\t\t\t<div class=\"elementor-widget-container\">\n\t\t\t\t\t\t\t\t\t<div class=\"elementor-button-wrapper\">\n\t\t\t\t\t<a class=\"elementor-button elementor-button-link elementor-size-sm\" href=\"https:\/\/midsummer.se\/investerare\/emission\/\">\n\t\t\t\t\t\t<span class=\"elementor-button-content-wrapper\">\n\t\t\t\t\t\t\t\t\t<span class=\"elementor-button-text\">Jag accepterar<\/span>\n\t\t\t\t\t<\/span>\n\t\t\t\t\t<\/a>\n\t\t\t\t<\/div>\n\t\t\t\t\t\t\t\t<\/div>\n\t\t\t\t<\/div>\n\t\t\t\t\t<\/div>\n\t\t<\/div>\n\t\t\t\t<div class=\"elementor-column elementor-col-50 elementor-inner-column elementor-element elementor-element-99e02d8\" data-id=\"99e02d8\" data-element_type=\"column\" data-e-type=\"column\">\n\t\t\t<div class=\"elementor-widget-wrap elementor-element-populated\">\n\t\t\t\t\t\t<div class=\"elementor-element elementor-element-dde2886 elementor-align-justify elementor-widget elementor-widget-button\" data-id=\"dde2886\" data-element_type=\"widget\" data-e-type=\"widget\" data-widget_type=\"button.default\">\n\t\t\t\t<div class=\"elementor-widget-container\">\n\t\t\t\t\t\t\t\t\t<div class=\"elementor-button-wrapper\">\n\t\t\t\t\t<a class=\"elementor-button elementor-button-link elementor-size-sm\" href=\"https:\/\/midsummer.se\/investerare\/\">\n\t\t\t\t\t\t<span class=\"elementor-button-content-wrapper\">\n\t\t\t\t\t\t\t\t\t<span class=\"elementor-button-text\">Jag accepterar inte<\/span>\n\t\t\t\t\t<\/span>\n\t\t\t\t\t<\/a>\n\t\t\t\t<\/div>\n\t\t\t\t\t\t\t\t<\/div>\n\t\t\t\t<\/div>\n\t\t\t\t\t<\/div>\n\t\t<\/div>\n\t\t\t\t\t<\/div>\n\t\t<\/section>\n\t\t\t\t\t<\/div>\n\t\t<\/div>\n\t\t\t\t\t<\/div>\n\t\t<\/section>\n\t\t\t\t<\/div>\n\t\t","protected":false},"excerpt":{"rendered":"<p>Viktig Information P\u00e5 grund av legala restriktioner \u00e4r den h\u00e4r delen av Midsummer AB:s (\u201dMidsummer\u201d) webbplats inte tillg\u00e4nglig f\u00f6r vissa personer.<span class=\"more\">&#8230;<\/span><\/p>\n","protected":false},"author":2,"featured_media":0,"parent":35165,"menu_order":108,"comment_status":"closed","ping_status":"closed","template":"elementor_header_footer","meta":{"_acf_changed":false,"content-type":"","footnotes":""},"hf_cat_page":[],"class_list":["post-35135","page","type-page","status-publish","hentry"],"acf":[],"yoast_head":"<!-- This site is optimized with the Yoast SEO plugin v27.4 - https:\/\/yoast.com\/product\/yoast-seo-wordpress\/ -->\n<title>Emission - Midsummer<\/title>\n<meta name=\"robots\" content=\"index, follow, max-snippet:-1, max-image-preview:large, max-video-preview:-1\" \/>\n<link rel=\"canonical\" href=\"https:\/\/midsummer.se\/it\/investors\/emission-acc\/\" \/>\n<meta property=\"og:locale\" content=\"it_IT\" \/>\n<meta property=\"og:type\" content=\"article\" \/>\n<meta property=\"og:title\" content=\"Emission - Midsummer\" \/>\n<meta property=\"og:description\" content=\"Viktig Information P\u00e5 grund av legala restriktioner \u00e4r den h\u00e4r delen av Midsummer AB:s (\u201dMidsummer\u201d) webbplats inte tillg\u00e4nglig f\u00f6r vissa personer....\" \/>\n<meta property=\"og:url\" content=\"https:\/\/midsummer.se\/it\/investors\/emission-acc\/\" \/>\n<meta property=\"og:site_name\" content=\"Midsummer\" \/>\n<meta property=\"article:modified_time\" content=\"2023-08-15T08:31:40+00:00\" \/>\n<meta property=\"og:image\" content=\"https:\/\/midsummer.se\/wp-content\/uploads\/2024\/02\/2.png\" \/>\n\t<meta property=\"og:image:width\" content=\"1920\" \/>\n\t<meta property=\"og:image:height\" content=\"1280\" \/>\n\t<meta property=\"og:image:type\" content=\"image\/png\" \/>\n<meta name=\"twitter:card\" content=\"summary_large_image\" \/>\n<meta name=\"twitter:label1\" content=\"Tempo di lettura stimato\" \/>\n\t<meta name=\"twitter:data1\" content=\"3 minuti\" \/>\n<script type=\"application\/ld+json\" class=\"yoast-schema-graph\">{\"@context\":\"https:\\\/\\\/schema.org\",\"@graph\":[{\"@type\":\"WebPage\",\"@id\":\"https:\\\/\\\/midsummer.se\\\/it\\\/investors\\\/emission-acc\\\/\",\"url\":\"https:\\\/\\\/midsummer.se\\\/it\\\/investors\\\/emission-acc\\\/\",\"name\":\"Emission - Midsummer\",\"isPartOf\":{\"@id\":\"https:\\\/\\\/midsummer.se\\\/it\\\/#website\"},\"datePublished\":\"2021-03-01T07:20:27+00:00\",\"dateModified\":\"2023-08-15T08:31:40+00:00\",\"breadcrumb\":{\"@id\":\"https:\\\/\\\/midsummer.se\\\/it\\\/investors\\\/emission-acc\\\/#breadcrumb\"},\"inLanguage\":\"it-IT\",\"potentialAction\":[{\"@type\":\"ReadAction\",\"target\":[\"https:\\\/\\\/midsummer.se\\\/it\\\/investors\\\/emission-acc\\\/\"]}]},{\"@type\":\"BreadcrumbList\",\"@id\":\"https:\\\/\\\/midsummer.se\\\/it\\\/investors\\\/emission-acc\\\/#breadcrumb\",\"itemListElement\":[{\"@type\":\"ListItem\",\"position\":1,\"name\":\"Hem\",\"item\":\"https:\\\/\\\/midsummer.se\\\/it\\\/\"},{\"@type\":\"ListItem\",\"position\":2,\"name\":\"Emission\"}]},{\"@type\":\"WebSite\",\"@id\":\"https:\\\/\\\/midsummer.se\\\/it\\\/#website\",\"url\":\"https:\\\/\\\/midsummer.se\\\/it\\\/\",\"name\":\"Midsummer\",\"description\":\"\",\"publisher\":{\"@id\":\"https:\\\/\\\/midsummer.se\\\/it\\\/#organization\"},\"potentialAction\":[{\"@type\":\"SearchAction\",\"target\":{\"@type\":\"EntryPoint\",\"urlTemplate\":\"https:\\\/\\\/midsummer.se\\\/it\\\/?s={search_term_string}\"},\"query-input\":{\"@type\":\"PropertyValueSpecification\",\"valueRequired\":true,\"valueName\":\"search_term_string\"}}],\"inLanguage\":\"it-IT\"},{\"@type\":\"Organization\",\"@id\":\"https:\\\/\\\/midsummer.se\\\/it\\\/#organization\",\"name\":\"Midsummer\",\"url\":\"https:\\\/\\\/midsummer.se\\\/it\\\/\",\"logo\":{\"@type\":\"ImageObject\",\"inLanguage\":\"it-IT\",\"@id\":\"https:\\\/\\\/midsummer.se\\\/it\\\/#\\\/schema\\\/logo\\\/image\\\/\",\"url\":\"https:\\\/\\\/midsummer.se\\\/wp-content\\\/uploads\\\/2020\\\/02\\\/MidSumLogo.svg\",\"contentUrl\":\"https:\\\/\\\/midsummer.se\\\/wp-content\\\/uploads\\\/2020\\\/02\\\/MidSumLogo.svg\",\"width\":335,\"height\":96,\"caption\":\"Midsummer\"},\"image\":{\"@id\":\"https:\\\/\\\/midsummer.se\\\/it\\\/#\\\/schema\\\/logo\\\/image\\\/\"}}]}<\/script>\n<!-- \/ Yoast SEO plugin. -->","yoast_head_json":{"title":"Emission - Midsummer","robots":{"index":"index","follow":"follow","max-snippet":"max-snippet:-1","max-image-preview":"max-image-preview:large","max-video-preview":"max-video-preview:-1"},"canonical":"https:\/\/midsummer.se\/it\/investors\/emission-acc\/","og_locale":"it_IT","og_type":"article","og_title":"Emission - Midsummer","og_description":"Viktig Information P\u00e5 grund av legala restriktioner \u00e4r den h\u00e4r delen av Midsummer AB:s (\u201dMidsummer\u201d) webbplats inte tillg\u00e4nglig f\u00f6r vissa personer....","og_url":"https:\/\/midsummer.se\/it\/investors\/emission-acc\/","og_site_name":"Midsummer","article_modified_time":"2023-08-15T08:31:40+00:00","og_image":[{"width":1920,"height":1280,"url":"https:\/\/midsummer.se\/wp-content\/uploads\/2024\/02\/2.png","type":"image\/png"}],"twitter_card":"summary_large_image","twitter_misc":{"Tempo di lettura stimato":"3 minuti"},"schema":{"@context":"https:\/\/schema.org","@graph":[{"@type":"WebPage","@id":"https:\/\/midsummer.se\/it\/investors\/emission-acc\/","url":"https:\/\/midsummer.se\/it\/investors\/emission-acc\/","name":"Emission - Midsummer","isPartOf":{"@id":"https:\/\/midsummer.se\/it\/#website"},"datePublished":"2021-03-01T07:20:27+00:00","dateModified":"2023-08-15T08:31:40+00:00","breadcrumb":{"@id":"https:\/\/midsummer.se\/it\/investors\/emission-acc\/#breadcrumb"},"inLanguage":"it-IT","potentialAction":[{"@type":"ReadAction","target":["https:\/\/midsummer.se\/it\/investors\/emission-acc\/"]}]},{"@type":"BreadcrumbList","@id":"https:\/\/midsummer.se\/it\/investors\/emission-acc\/#breadcrumb","itemListElement":[{"@type":"ListItem","position":1,"name":"Hem","item":"https:\/\/midsummer.se\/it\/"},{"@type":"ListItem","position":2,"name":"Emission"}]},{"@type":"WebSite","@id":"https:\/\/midsummer.se\/it\/#website","url":"https:\/\/midsummer.se\/it\/","name":"Midsummer","description":"","publisher":{"@id":"https:\/\/midsummer.se\/it\/#organization"},"potentialAction":[{"@type":"SearchAction","target":{"@type":"EntryPoint","urlTemplate":"https:\/\/midsummer.se\/it\/?s={search_term_string}"},"query-input":{"@type":"PropertyValueSpecification","valueRequired":true,"valueName":"search_term_string"}}],"inLanguage":"it-IT"},{"@type":"Organization","@id":"https:\/\/midsummer.se\/it\/#organization","name":"Midsummer","url":"https:\/\/midsummer.se\/it\/","logo":{"@type":"ImageObject","inLanguage":"it-IT","@id":"https:\/\/midsummer.se\/it\/#\/schema\/logo\/image\/","url":"https:\/\/midsummer.se\/wp-content\/uploads\/2020\/02\/MidSumLogo.svg","contentUrl":"https:\/\/midsummer.se\/wp-content\/uploads\/2020\/02\/MidSumLogo.svg","width":335,"height":96,"caption":"Midsummer"},"image":{"@id":"https:\/\/midsummer.se\/it\/#\/schema\/logo\/image\/"}}]}},"_links":{"self":[{"href":"https:\/\/midsummer.se\/it\/wp-json\/wp\/v2\/pages\/35135","targetHints":{"allow":["GET"]}}],"collection":[{"href":"https:\/\/midsummer.se\/it\/wp-json\/wp\/v2\/pages"}],"about":[{"href":"https:\/\/midsummer.se\/it\/wp-json\/wp\/v2\/types\/page"}],"author":[{"embeddable":true,"href":"https:\/\/midsummer.se\/it\/wp-json\/wp\/v2\/users\/2"}],"replies":[{"embeddable":true,"href":"https:\/\/midsummer.se\/it\/wp-json\/wp\/v2\/comments?post=35135"}],"version-history":[{"count":1,"href":"https:\/\/midsummer.se\/it\/wp-json\/wp\/v2\/pages\/35135\/revisions"}],"predecessor-version":[{"id":35141,"href":"https:\/\/midsummer.se\/it\/wp-json\/wp\/v2\/pages\/35135\/revisions\/35141"}],"up":[{"embeddable":true,"href":"https:\/\/midsummer.se\/it\/wp-json\/wp\/v2\/pages\/35165"}],"wp:attachment":[{"href":"https:\/\/midsummer.se\/it\/wp-json\/wp\/v2\/media?parent=35135"}],"wp:term":[{"taxonomy":"hf_cat_page","embeddable":true,"href":"https:\/\/midsummer.se\/it\/wp-json\/wp\/v2\/hf_cat_page?post=35135"}],"curies":[{"name":"wp","href":"https:\/\/api.w.org\/{rel}","templated":true}]}}