{"id":35102,"date":"2021-09-27T09:23:08","date_gmt":"2021-09-27T07:23:08","guid":{"rendered":"https:\/\/midsummer.se\/live\/"},"modified":"2023-08-15T10:31:29","modified_gmt":"2023-08-15T08:31:29","slug":"live","status":"publish","type":"page","link":"https:\/\/midsummer.se\/it\/live\/","title":{"rendered":"Webinar live"},"content":{"rendered":"\t\t<div data-elementor-type=\"wp-page\" data-elementor-id=\"35102\" class=\"elementor elementor-35102\" data-elementor-post-type=\"page\">\n\t\t\t\t\t\t<section data-dce-background-overlay-color=\"#0C120000\" data-dce-background-image-url=\"https:\/\/midsummer.se\/wp-content\/uploads\/2021\/09\/DJI_0235_test-scaled.jpg\" class=\"elementor-section elementor-top-section elementor-element elementor-element-27bffe8 elementor-section-height-min-height elementor-section-content-middle section-padding elementor-section-boxed elementor-section-height-default elementor-section-items-middle\" data-id=\"27bffe8\" data-element_type=\"section\" data-e-type=\"section\" data-settings=\"{&quot;background_background&quot;:&quot;classic&quot;}\">\n\t\t\t\t\t\t\t<div class=\"elementor-background-overlay\"><\/div>\n\t\t\t\t\t\t\t<div class=\"elementor-container elementor-column-gap-default\">\n\t\t\t\t\t<div class=\"elementor-column elementor-col-100 elementor-top-column elementor-element elementor-element-f5a0c38 section-margin\" data-id=\"f5a0c38\" data-element_type=\"column\" data-e-type=\"column\">\n\t\t\t<div class=\"elementor-widget-wrap elementor-element-populated\">\n\t\t\t\t\t\t<div class=\"elementor-element elementor-element-44ca732 elementor-widget elementor-widget-heading\" data-id=\"44ca732\" data-element_type=\"widget\" data-e-type=\"widget\" data-widget_type=\"heading.default\">\n\t\t\t\t<div class=\"elementor-widget-container\">\n\t\t\t\t\t<h1 class=\"elementor-heading-title elementor-size-default\">Webbinarium<\/h1>\t\t\t\t<\/div>\n\t\t\t\t<\/div>\n\t\t\t\t\t<\/div>\n\t\t<\/div>\n\t\t\t\t\t<\/div>\n\t\t<\/section>\n\t\t\t\t<section class=\"elementor-section elementor-top-section elementor-element elementor-element-23a9d78 section-padding elementor-section-boxed elementor-section-height-default elementor-section-height-default\" data-id=\"23a9d78\" data-element_type=\"section\" data-e-type=\"section\">\n\t\t\t\t\t\t<div class=\"elementor-container elementor-column-gap-default\">\n\t\t\t\t\t<div class=\"elementor-column elementor-col-100 elementor-top-column elementor-element elementor-element-0266cfe\" data-id=\"0266cfe\" data-element_type=\"column\" data-e-type=\"column\">\n\t\t\t<div class=\"elementor-widget-wrap elementor-element-populated\">\n\t\t\t\t\t\t<div class=\"elementor-element elementor-element-67e4ba8 dce_masking-none elementor-widget elementor-widget-video\" data-id=\"67e4ba8\" data-element_type=\"widget\" data-e-type=\"widget\" data-settings=\"{&quot;youtube_url&quot;:&quot;https:\\\/\\\/youtu.be\\\/d2gc4xFlQF0&quot;,&quot;video_type&quot;:&quot;youtube&quot;,&quot;controls&quot;:&quot;yes&quot;}\" data-widget_type=\"video.default\">\n\t\t\t\t<div class=\"elementor-widget-container\">\n\t\t\t\t\t\t\t<div class=\"elementor-wrapper elementor-open-inline\">\n\t\t\t<div class=\"elementor-video\"><\/div>\t\t<\/div>\n\t\t\t\t\t\t<\/div>\n\t\t\t\t<\/div>\n\t\t\t\t<div class=\"elementor-element elementor-element-f0b4983 elementor-widget elementor-widget-html\" data-id=\"f0b4983\" data-element_type=\"widget\" data-e-type=\"widget\" data-widget_type=\"html.default\">\n\t\t\t\t<div class=\"elementor-widget-container\">\n\t\t\t\t\t<div id=\"tlkio\" data-channel=\"midsummerwebbinarium\" style=\"width:100%;height:400px;\"><\/div><script async src=\"http:\/\/tlk.io\/embed.js\" type=\"text\/javascript\"><\/script>\t\t\t\t<\/div>\n\t\t\t\t<\/div>\n\t\t\t\t\t<\/div>\n\t\t<\/div>\n\t\t\t\t\t<\/div>\n\t\t<\/section>\n\t\t\t\t<section class=\"elementor-section elementor-top-section elementor-element elementor-element-a69eb33 elementor-section-full_width section-margin mb elementor-section-height-default elementor-section-height-default\" data-id=\"a69eb33\" data-element_type=\"section\" data-e-type=\"section\">\n\t\t\t\t\t\t<div class=\"elementor-container elementor-column-gap-default\">\n\t\t\t\t\t<div class=\"elementor-column elementor-col-100 elementor-top-column elementor-element elementor-element-585ae86\" data-id=\"585ae86\" data-element_type=\"column\" data-e-type=\"column\">\n\t\t\t<div class=\"elementor-widget-wrap elementor-element-populated\">\n\t\t\t\t\t\t<section class=\"elementor-section elementor-inner-section elementor-element elementor-element-7e23eb0 elementor-section-content-middle elementor-section-boxed elementor-section-height-default elementor-section-height-default\" data-id=\"7e23eb0\" data-element_type=\"section\" data-e-type=\"section\">\n\t\t\t\t\t\t<div class=\"elementor-container elementor-column-gap-default\">\n\t\t\t\t\t<div class=\"elementor-column elementor-col-50 elementor-inner-column elementor-element elementor-element-66286a8\" data-id=\"66286a8\" data-element_type=\"column\" data-e-type=\"column\">\n\t\t\t<div class=\"elementor-widget-wrap elementor-element-populated\">\n\t\t\t\t\t\t<div class=\"elementor-element elementor-element-2876926 elementor-widget elementor-widget-heading\" data-id=\"2876926\" data-element_type=\"widget\" data-e-type=\"widget\" data-widget_type=\"heading.default\">\n\t\t\t\t<div class=\"elementor-widget-container\">\n\t\t\t\t\t<h4 class=\"elementor-heading-title elementor-size-default\">F\u00f6r mer information<\/h4>\t\t\t\t<\/div>\n\t\t\t\t<\/div>\n\t\t\t\t<div class=\"elementor-element elementor-element-b1a399f elementor-widget elementor-widget-text-editor\" data-id=\"b1a399f\" data-element_type=\"widget\" data-e-type=\"widget\" data-widget_type=\"text-editor.default\">\n\t\t\t\t<div class=\"elementor-widget-container\">\n\t\t\t\t\t\t\t\t\t<p>\u00a0 \u00a0 \u00a0 \u00a0<\/p>\n\t\t\t\t\t\t\t\t<\/div>\n\t\t\t\t<\/div>\n\t\t\t\t\t<\/div>\n\t\t<\/div>\n\t\t\t\t<div class=\"elementor-column elementor-col-50 elementor-inner-column elementor-element elementor-element-7035fbd\" data-id=\"7035fbd\" data-element_type=\"column\" data-e-type=\"column\">\n\t\t\t<div class=\"elementor-widget-wrap elementor-element-populated\">\n\t\t\t\t\t\t<div class=\"elementor-element elementor-element-3fa279f elementor-widget elementor-widget-heading\" data-id=\"3fa279f\" data-element_type=\"widget\" data-e-type=\"widget\" data-widget_type=\"heading.default\">\n\t\t\t\t<div class=\"elementor-widget-container\">\n\t\t\t\t\t<h5 class=\"elementor-heading-title elementor-size-default\">Midsummer BOLD <\/h5>\t\t\t\t<\/div>\n\t\t\t\t<\/div>\n\t\t\t\t<div class=\"elementor-element elementor-element-914e97b underline elementor-widget elementor-widget-button\" data-id=\"914e97b\" data-element_type=\"widget\" data-e-type=\"widget\" data-widget_type=\"button.default\">\n\t\t\t\t<div class=\"elementor-widget-container\">\n\t\t\t\t\t\t\t\t\t<div class=\"elementor-button-wrapper\">\n\t\t\t\t\t<a class=\"elementor-button elementor-button-link elementor-size-sm\" href=\"https:\/\/midsummer.se\/wp-content\/uploads\/2021\/10\/Produktblad_MidsummerBOLD_SWE_211022.pdf\">\n\t\t\t\t\t\t<span class=\"elementor-button-content-wrapper\">\n\t\t\t\t\t\t\t\t\t<span class=\"elementor-button-text\">Ladda ner produktblad<\/span>\n\t\t\t\t\t<\/span>\n\t\t\t\t\t<\/a>\n\t\t\t\t<\/div>\n\t\t\t\t\t\t\t\t<\/div>\n\t\t\t\t<\/div>\n\t\t\t\t\t<\/div>\n\t\t<\/div>\n\t\t\t\t\t<\/div>\n\t\t<\/section>\n\t\t\t\t\t<\/div>\n\t\t<\/div>\n\t\t\t\t\t<\/div>\n\t\t<\/section>\n\t\t\t\t<section class=\"elementor-section elementor-top-section elementor-element elementor-element-89ef2b2 section-margin section-padding mb elementor-section-full_width elementor-section-height-default elementor-section-height-default\" data-id=\"89ef2b2\" data-element_type=\"section\" data-e-type=\"section\" data-settings=\"{&quot;background_background&quot;:&quot;classic&quot;}\">\n\t\t\t\t\t\t<div class=\"elementor-container elementor-column-gap-default\">\n\t\t\t\t\t<div class=\"elementor-column elementor-col-100 elementor-top-column elementor-element elementor-element-9aa3553 section-margin\" data-id=\"9aa3553\" data-element_type=\"column\" data-e-type=\"column\">\n\t\t\t<div class=\"elementor-widget-wrap elementor-element-populated\">\n\t\t\t\t\t\t<section class=\"elementor-section elementor-inner-section elementor-element elementor-element-0980b63 elementor-section-content-middle elementor-section-boxed elementor-section-height-default elementor-section-height-default\" data-id=\"0980b63\" data-element_type=\"section\" data-e-type=\"section\">\n\t\t\t\t\t\t<div class=\"elementor-container elementor-column-gap-default\">\n\t\t\t\t\t<div class=\"elementor-column elementor-col-50 elementor-inner-column elementor-element elementor-element-383d415\" data-id=\"383d415\" data-element_type=\"column\" data-e-type=\"column\">\n\t\t\t<div class=\"elementor-widget-wrap elementor-element-populated\">\n\t\t\t\t\t\t<div class=\"elementor-element elementor-element-a212412 elementor-widget elementor-widget-heading\" data-id=\"a212412\" data-element_type=\"widget\" data-e-type=\"widget\" data-widget_type=\"heading.default\">\n\t\t\t\t<div class=\"elementor-widget-container\">\n\t\t\t\t\t<h2 class=\"elementor-heading-title elementor-size-default\">Kontakta oss eller kom p\u00e5 bes\u00f6k i J\u00e4rf\u00e4lla <\/h2>\t\t\t\t<\/div>\n\t\t\t\t<\/div>\n\t\t\t\t\t<\/div>\n\t\t<\/div>\n\t\t\t\t<div class=\"elementor-column elementor-col-50 elementor-inner-column elementor-element elementor-element-48fd93a\" data-id=\"48fd93a\" data-element_type=\"column\" data-e-type=\"column\">\n\t\t\t<div class=\"elementor-widget-wrap elementor-element-populated\">\n\t\t\t\t\t\t<div class=\"elementor-element elementor-element-fe035c2 elementor-widget elementor-widget-text-editor\" data-id=\"fe035c2\" data-element_type=\"widget\" data-e-type=\"widget\" data-widget_type=\"text-editor.default\">\n\t\t\t\t<div class=\"elementor-widget-container\">\n\t\t\t\t\t\t\t\t\t<p>Om du har n\u00e5gra fr\u00e5gor eller vill boka in ett studiebes\u00f6k hos oss, v\u00e4nligen h\u00f6r av dig nedan.\u00a0<\/p>\n\t\t\t\t\t\t\t\t<\/div>\n\t\t\t\t<\/div>\n\t\t\t\t<div class=\"elementor-element elementor-element-1672694 elementor-widget elementor-widget-button\" data-id=\"1672694\" data-element_type=\"widget\" data-e-type=\"widget\" data-widget_type=\"button.default\">\n\t\t\t\t<div class=\"elementor-widget-container\">\n\t\t\t\t\t\t\t\t\t<div class=\"elementor-button-wrapper\">\n\t\t\t\t\t<a class=\"elementor-button elementor-button-link elementor-size-sm\" href=\"https:\/\/midsummer.se\/en\/contact-us\/\">\n\t\t\t\t\t\t<span class=\"elementor-button-content-wrapper\">\n\t\t\t\t\t\t<span class=\"elementor-button-icon\">\n\t\t\t\t\t\t\t<\/span>\n\t\t\t\t\t\t\t\t\t<span class=\"elementor-button-text\">Kontakta oss<\/span>\n\t\t\t\t\t<\/span>\n\t\t\t\t\t<\/a>\n\t\t\t\t<\/div>\n\t\t\t\t\t\t\t\t<\/div>\n\t\t\t\t<\/div>\n\t\t\t\t\t<\/div>\n\t\t<\/div>\n\t\t\t\t\t<\/div>\n\t\t<\/section>\n\t\t\t\t\t<\/div>\n\t\t<\/div>\n\t\t\t\t\t<\/div>\n\t\t<\/section>\n\t\t\t\t<\/div>\n\t\t","protected":false},"excerpt":{"rendered":"<p>Webbinarium https:\/\/youtu.be\/d2gc4xFlQF0 F\u00f6r mer information \u00a0 \u00a0 \u00a0 \u00a0 Midsummer BOLD Ladda ner produktblad Kontakta oss eller kom p\u00e5 bes\u00f6k i<span class=\"more\">&#8230;<\/span><\/p>\n","protected":false},"author":2,"featured_media":0,"parent":0,"menu_order":52,"comment_status":"closed","ping_status":"closed","template":"elementor_header_footer","meta":{"_acf_changed":false,"content-type":"","footnotes":""},"hf_cat_page":[],"class_list":["post-35102","page","type-page","status-publish","hentry"],"acf":[],"yoast_head":"<!-- This site is optimized with the Yoast SEO plugin v27.4 - https:\/\/yoast.com\/product\/yoast-seo-wordpress\/ -->\n<title>Webinar live - Midsummer<\/title>\n<meta name=\"robots\" content=\"index, follow, max-snippet:-1, max-image-preview:large, max-video-preview:-1\" \/>\n<link rel=\"canonical\" href=\"https:\/\/midsummer.se\/it\/live\/\" \/>\n<meta property=\"og:locale\" content=\"it_IT\" \/>\n<meta property=\"og:type\" content=\"article\" \/>\n<meta property=\"og:title\" content=\"Webinar live - Midsummer\" \/>\n<meta property=\"og:description\" content=\"Webbinarium https:\/\/youtu.be\/d2gc4xFlQF0 F\u00f6r mer information \u00a0 \u00a0 \u00a0 \u00a0 Midsummer BOLD Ladda ner produktblad Kontakta oss eller kom p\u00e5 bes\u00f6k i...\" \/>\n<meta property=\"og:url\" content=\"https:\/\/midsummer.se\/it\/live\/\" \/>\n<meta property=\"og:site_name\" content=\"Midsummer\" \/>\n<meta property=\"article:modified_time\" content=\"2023-08-15T08:31:29+00:00\" \/>\n<meta property=\"og:image\" content=\"https:\/\/midsummer.se\/wp-content\/uploads\/2024\/02\/2.png\" \/>\n\t<meta property=\"og:image:width\" content=\"1920\" \/>\n\t<meta property=\"og:image:height\" content=\"1280\" \/>\n\t<meta property=\"og:image:type\" content=\"image\/png\" \/>\n<meta name=\"twitter:card\" content=\"summary_large_image\" \/>\n<script type=\"application\/ld+json\" class=\"yoast-schema-graph\">{\"@context\":\"https:\\\/\\\/schema.org\",\"@graph\":[{\"@type\":\"WebPage\",\"@id\":\"https:\\\/\\\/midsummer.se\\\/it\\\/live\\\/\",\"url\":\"https:\\\/\\\/midsummer.se\\\/it\\\/live\\\/\",\"name\":\"Webinar live - Midsummer\",\"isPartOf\":{\"@id\":\"https:\\\/\\\/midsummer.se\\\/it\\\/#website\"},\"datePublished\":\"2021-09-27T07:23:08+00:00\",\"dateModified\":\"2023-08-15T08:31:29+00:00\",\"breadcrumb\":{\"@id\":\"https:\\\/\\\/midsummer.se\\\/it\\\/live\\\/#breadcrumb\"},\"inLanguage\":\"it-IT\",\"potentialAction\":[{\"@type\":\"ReadAction\",\"target\":[\"https:\\\/\\\/midsummer.se\\\/it\\\/live\\\/\"]}]},{\"@type\":\"BreadcrumbList\",\"@id\":\"https:\\\/\\\/midsummer.se\\\/it\\\/live\\\/#breadcrumb\",\"itemListElement\":[{\"@type\":\"ListItem\",\"position\":1,\"name\":\"Hem\",\"item\":\"https:\\\/\\\/midsummer.se\\\/it\\\/\"},{\"@type\":\"ListItem\",\"position\":2,\"name\":\"Webinar live\"}]},{\"@type\":\"WebSite\",\"@id\":\"https:\\\/\\\/midsummer.se\\\/it\\\/#website\",\"url\":\"https:\\\/\\\/midsummer.se\\\/it\\\/\",\"name\":\"Midsummer\",\"description\":\"\",\"publisher\":{\"@id\":\"https:\\\/\\\/midsummer.se\\\/it\\\/#organization\"},\"potentialAction\":[{\"@type\":\"SearchAction\",\"target\":{\"@type\":\"EntryPoint\",\"urlTemplate\":\"https:\\\/\\\/midsummer.se\\\/it\\\/?s={search_term_string}\"},\"query-input\":{\"@type\":\"PropertyValueSpecification\",\"valueRequired\":true,\"valueName\":\"search_term_string\"}}],\"inLanguage\":\"it-IT\"},{\"@type\":\"Organization\",\"@id\":\"https:\\\/\\\/midsummer.se\\\/it\\\/#organization\",\"name\":\"Midsummer\",\"url\":\"https:\\\/\\\/midsummer.se\\\/it\\\/\",\"logo\":{\"@type\":\"ImageObject\",\"inLanguage\":\"it-IT\",\"@id\":\"https:\\\/\\\/midsummer.se\\\/it\\\/#\\\/schema\\\/logo\\\/image\\\/\",\"url\":\"https:\\\/\\\/midsummer.se\\\/wp-content\\\/uploads\\\/2020\\\/02\\\/MidSumLogo.svg\",\"contentUrl\":\"https:\\\/\\\/midsummer.se\\\/wp-content\\\/uploads\\\/2020\\\/02\\\/MidSumLogo.svg\",\"width\":335,\"height\":96,\"caption\":\"Midsummer\"},\"image\":{\"@id\":\"https:\\\/\\\/midsummer.se\\\/it\\\/#\\\/schema\\\/logo\\\/image\\\/\"}}]}<\/script>\n<!-- \/ Yoast SEO plugin. -->","yoast_head_json":{"title":"Webinar live - Midsummer","robots":{"index":"index","follow":"follow","max-snippet":"max-snippet:-1","max-image-preview":"max-image-preview:large","max-video-preview":"max-video-preview:-1"},"canonical":"https:\/\/midsummer.se\/it\/live\/","og_locale":"it_IT","og_type":"article","og_title":"Webinar live - Midsummer","og_description":"Webbinarium https:\/\/youtu.be\/d2gc4xFlQF0 F\u00f6r mer information \u00a0 \u00a0 \u00a0 \u00a0 Midsummer BOLD Ladda ner produktblad Kontakta oss eller kom p\u00e5 bes\u00f6k i...","og_url":"https:\/\/midsummer.se\/it\/live\/","og_site_name":"Midsummer","article_modified_time":"2023-08-15T08:31:29+00:00","og_image":[{"width":1920,"height":1280,"url":"https:\/\/midsummer.se\/wp-content\/uploads\/2024\/02\/2.png","type":"image\/png"}],"twitter_card":"summary_large_image","schema":{"@context":"https:\/\/schema.org","@graph":[{"@type":"WebPage","@id":"https:\/\/midsummer.se\/it\/live\/","url":"https:\/\/midsummer.se\/it\/live\/","name":"Webinar live - Midsummer","isPartOf":{"@id":"https:\/\/midsummer.se\/it\/#website"},"datePublished":"2021-09-27T07:23:08+00:00","dateModified":"2023-08-15T08:31:29+00:00","breadcrumb":{"@id":"https:\/\/midsummer.se\/it\/live\/#breadcrumb"},"inLanguage":"it-IT","potentialAction":[{"@type":"ReadAction","target":["https:\/\/midsummer.se\/it\/live\/"]}]},{"@type":"BreadcrumbList","@id":"https:\/\/midsummer.se\/it\/live\/#breadcrumb","itemListElement":[{"@type":"ListItem","position":1,"name":"Hem","item":"https:\/\/midsummer.se\/it\/"},{"@type":"ListItem","position":2,"name":"Webinar live"}]},{"@type":"WebSite","@id":"https:\/\/midsummer.se\/it\/#website","url":"https:\/\/midsummer.se\/it\/","name":"Midsummer","description":"","publisher":{"@id":"https:\/\/midsummer.se\/it\/#organization"},"potentialAction":[{"@type":"SearchAction","target":{"@type":"EntryPoint","urlTemplate":"https:\/\/midsummer.se\/it\/?s={search_term_string}"},"query-input":{"@type":"PropertyValueSpecification","valueRequired":true,"valueName":"search_term_string"}}],"inLanguage":"it-IT"},{"@type":"Organization","@id":"https:\/\/midsummer.se\/it\/#organization","name":"Midsummer","url":"https:\/\/midsummer.se\/it\/","logo":{"@type":"ImageObject","inLanguage":"it-IT","@id":"https:\/\/midsummer.se\/it\/#\/schema\/logo\/image\/","url":"https:\/\/midsummer.se\/wp-content\/uploads\/2020\/02\/MidSumLogo.svg","contentUrl":"https:\/\/midsummer.se\/wp-content\/uploads\/2020\/02\/MidSumLogo.svg","width":335,"height":96,"caption":"Midsummer"},"image":{"@id":"https:\/\/midsummer.se\/it\/#\/schema\/logo\/image\/"}}]}},"_links":{"self":[{"href":"https:\/\/midsummer.se\/it\/wp-json\/wp\/v2\/pages\/35102","targetHints":{"allow":["GET"]}}],"collection":[{"href":"https:\/\/midsummer.se\/it\/wp-json\/wp\/v2\/pages"}],"about":[{"href":"https:\/\/midsummer.se\/it\/wp-json\/wp\/v2\/types\/page"}],"author":[{"embeddable":true,"href":"https:\/\/midsummer.se\/it\/wp-json\/wp\/v2\/users\/2"}],"replies":[{"embeddable":true,"href":"https:\/\/midsummer.se\/it\/wp-json\/wp\/v2\/comments?post=35102"}],"version-history":[{"count":1,"href":"https:\/\/midsummer.se\/it\/wp-json\/wp\/v2\/pages\/35102\/revisions"}],"predecessor-version":[{"id":35106,"href":"https:\/\/midsummer.se\/it\/wp-json\/wp\/v2\/pages\/35102\/revisions\/35106"}],"wp:attachment":[{"href":"https:\/\/midsummer.se\/it\/wp-json\/wp\/v2\/media?parent=35102"}],"wp:term":[{"taxonomy":"hf_cat_page","embeddable":true,"href":"https:\/\/midsummer.se\/it\/wp-json\/wp\/v2\/hf_cat_page?post=35102"}],"curies":[{"name":"wp","href":"https:\/\/api.w.org\/{rel}","templated":true}]}}