{"id":28163,"date":"2021-02-17T11:43:39","date_gmt":"2021-02-17T10:43:39","guid":{"rendered":"https:\/\/midsummer.se\/personuppgiftspolicy\/"},"modified":"2023-09-18T10:16:08","modified_gmt":"2023-09-18T08:16:08","slug":"personal-data-policy","status":"publish","type":"page","link":"https:\/\/midsummer.se\/en\/personal-data-policy\/","title":{"rendered":"Personal Data Policy"},"content":{"rendered":"\t\t<div data-elementor-type=\"wp-page\" data-elementor-id=\"28163\" class=\"elementor elementor-28163 elementor-35150\" data-elementor-post-type=\"page\">\n\t\t\t\t\t\t<section class=\"elementor-section elementor-top-section elementor-element elementor-element-8496043 elementor-section-full_width section-margin mt mb elementor-section-height-default elementor-section-height-default\" data-id=\"8496043\" data-element_type=\"section\" data-e-type=\"section\">\n\t\t\t\t\t\t<div class=\"elementor-container elementor-column-gap-default\">\n\t\t\t\t\t<div class=\"elementor-column elementor-col-100 elementor-top-column elementor-element elementor-element-5a361ca\" data-id=\"5a361ca\" data-element_type=\"column\" data-e-type=\"column\">\n\t\t\t<div class=\"elementor-widget-wrap elementor-element-populated\">\n\t\t\t\t\t\t<div data-dce-title-color=\"#1D2226\" class=\"elementor-element elementor-element-f68b334 elementor-widget elementor-widget-heading\" data-id=\"f68b334\" data-element_type=\"widget\" data-e-type=\"widget\" data-widget_type=\"heading.default\">\n\t\t\t\t<div class=\"elementor-widget-container\">\n\t\t\t\t\t<h2 class=\"elementor-heading-title elementor-size-default\">Personal data policy and cookies<\/h2>\t\t\t\t<\/div>\n\t\t\t\t<\/div>\n\t\t\t\t<div class=\"elementor-element elementor-element-397ea5c elementor-widget elementor-widget-text-editor\" data-id=\"397ea5c\" data-element_type=\"widget\" data-e-type=\"widget\" data-widget_type=\"text-editor.default\">\n\t\t\t\t<div class=\"elementor-widget-container\">\n\t\t\t\t\t\t\t\t\t<p><strong>General<\/strong><\/p>\n<p>Midsummer AB respects your privacy and the right to have control over your personal information. Our guiding principles are simple. We will be open with what data we collect and why. We will protect your data.<\/p>\n<p>I Midsummers policy f\u00f6r personuppgifter beskrivs vilka uppgifter vi samlar in, i vilket syfte de samlas in, p\u00e5 vilket s\u00e4tt du kan ha kontroll \u00f6ver dina egna uppgifter samt hur du kan kontakta oss. Denna personuppgiftspolicy g\u00e4ller n\u00e4r du anv\u00e4nder appar, webbsidor och tj\u00e4nster som ing\u00e5r under en app eller p\u00e5 en webbplats som administreras av Midsummer AB. Midsummer AB \u00e4r personuppgiftsansvarig i enlighet med dessa villkor och ansvarar f\u00f6r att behandling sker enligt g\u00e4llande lagstiftning.<\/p>\n<p><strong>Personal information we collect<\/strong><\/p>\n<p>Midsummer AB primarily collects the information directly from you as a customer. Examples of personal information we collect are your name, contact information for you such as mobile phone number, e-mail address or physical address. Midsummer may update your information from other public records, such as SPAR, if necessary to maintain good record keeping.<\/p>\n<p>Midsummer AB registers personal data in connection with:<\/p>\n<ol>\n<li>Registration for a service offered via the various platforms that Midsummer offers.<\/li>\n<li>When you fill in your e-mail address or your mobile phone number on the website.<\/li>\n<li>If you contact us by email, by phone, our websites and social media.<\/li>\n<li>If you sign up for the Midsummer newsletter.<\/li>\n<li>Your visit to our websites and app, including but not limited to traffic data, location data, web blogs and other communication data as well as e.g. the IP address, device type, operating system and browser type used for the visit.<\/li>\n<\/ol>\n<p><strong>Collection with consent<\/strong><\/p>\n<p>By clicking on the &#8220;I agree&#8221; button, you agree that the personal information, such as your name, telephone number and e-mail address, that you fill in at various places on this website may be used for marketing purposes for the service displayed in connection with there you are asked to fill in your personal information. We also collect your IP address, geographical position and interests in order to better adapt our marketing to you.<\/p>\n<p>When you click on the &#8220;I agree&#8221; button, you also agree that we from Midsummer may place a so-called third-party cookies on your computer. This cookie will track you and your browsing behavior in order to offer you marketing based on your behavior\u00a0<\/p>\n<p><strong>How we use collected information<\/strong><\/p>\n<p>Midsummer processes personal data mainly for the purposes stated below and for any additional purposes stated at the time of collection:<\/p>\n<ol>\n<li>To fulfill orders for services through one of the platforms offered by Midsummer;<\/li>\n<li>Enable good customer service, such as handling your inquiries, correcting incorrect information or sending information that you have requested e.g. newsletter;<\/li>\n<li>Information about ordering a service is stored and analyzed, and forms the basis for offers and discounts as well as marketing of both a general and targeted nature;<\/li>\n<li>To be able to administer customer profiles, conduct analyzes and market research;<\/li>\n<li>For system administration and to produce statistical data on our users&#8217; behavior and patterns, but this does not identify an individual but takes place at an aggregate level;<\/li>\n<li>To develop, deliver and improve our products and services through analysis of your behavior on our websites and app.<\/li>\n<li>Personal data is also used in analysis to perform segmentation \/ profiling, to be able to develop targeted offers and services<\/li>\n<li>To send you information and marketing via SMS, email, app, push or other digital contact channels such as e.g. social media when you have an active customer relationship with us;<\/li>\n<li>To contact you via app, SMS, email or post about other offers, promotions or services that we believe may be of interest to you, please note that you may decline this promotion at any time;<\/li>\n<li>To be able to give you relevant recommendations, offers and customized services based on what others with similar behavioral patterns have been interested in, what you have chosen for the service, looked at and shown interest in;<\/li>\n<li>To help us develop our website and app to be more useful and to improve your user experience of the platforms offered through Midsummer by being able to customize the display of the services to the device used;<\/li>\n<li>To send important messages such as communications about changes in our terms and policies;<\/li>\n<\/ol>\n<p>Google samlar ocks\u00e5 in information kring personlig data n\u00e4r du godk\u00e4nner cookies.\u00a0<a href=\"https:\/\/policies.google.com\/technologies\/partner-sites\">L\u00e4r dig mer om hur Google anv\u00e4nder denna data.<\/a><\/p>\n<p><strong>Information that can be disclosed<\/strong><\/p>\n<p>We may share information with other companies that process data on our behalf in order for us to perform our services, e.g. analysis, distribution or other services to maintain and apply our terms of use and delivery terms. However, high security and confidentiality are always observed in all handling of personal data.<\/p>\n<p>Midsummer AB only cooperates with partners who process personal data within the EU \/ EEA or with companies that maintain the same level of protection as within the EU \/ EEA by e.g. have joined the so-called Privacy Shield agreement between the EU and the USA.<\/p>\n<p><strong>About cookies<\/strong><\/p>\n<p>When you use our website and app, personal data may be collected via e.g. cookies. However, this is only done via a separate consent. This stores the information about your use and which pages are visited. This can be technical information about your device and internet connection such as operating system, browser version, IP address, cookies and unique identifiers. When visiting our websites where our services are provided, various techniques can be used to recognize you in order to learn more about our users. This can be done directly or through the use of third party technology.<\/p>\n<p><strong>Legal basis, storage and thinning of personal data<\/strong><\/p>\n<p>By submitting information to Midsummer, you give your permission for Midsummer to register and store information about which service you have purchased and process the specified personal data for specified purposes. As a legal basis for processing, Midsummer will refer to the fulfillment of an agreement, legal obligation, legitimate interest or consent. If Midsummer uses legitimate interest as a basis, it will only be done for the purposes stated above. Please note that you can revoke your consent at any time by contacting us, for contact information see the heading How to contact us.<\/p>\n<p>The processing takes place in accordance with current legislation and means that personal data is not retained for a longer period than is necessary with regard to the purposes of the processing. Midsummer will store your personal information as long as you are a customer with us. For marketing purposes, information older than 3 years is not used. In practical terms, this means that data is thinned out when it is no longer relevant or necessary for analysis or direct marketing for the purposes for which it has been collected. Some information can be retained longer when required due to other legal requirements, such as the Accounting Act. However, high security and confidentiality are always observed in all handling of personal data.<\/p>\n<p><strong>Your rights and choices<\/strong><\/p>\n<p>You have rights regarding your personal data and you have the opportunity to influence your information and what is saved. Midsummer will, on its own or the customer&#8217;s initiative, correct information that is found to be incorrect. You can also request at any time that your data be deleted or that its use be restricted by contacting us (for contact routes, see the heading How to contact us). If you believe that your rights are not respected by us, you are welcome to contact Midsummer or you can contact the Data Inspectorate (datainspektionen@datainspektionen.se).<\/p>\n<p>You can at any time refrain from receiving marketing communications from us by clicking on &#8220;unsubscribe&#8221; in the e-mail and SMS communications that we send you. You are always welcome to contact our customer service for help in saying no to our communication.<\/p>\n<p>You can, once a year free of charge, obtain information about which personal data is registered, by requesting in writing a so-called register extract from Midsummer AB.<\/p>\n<p><strong>Links to other sites<\/strong><\/p>\n<p>In the event that our website contains links to third party websites, websites, or materials published by third parties, these links are for informational purposes only. As Midsummer has no control over the content of these websites or its materials, we are therefore not responsible for its content. Midsummer is also not responsible for damages or losses that could occur when using these links.<\/p>\n<h4>How to contact us<\/h4>\n<p>For further information about personal data management or if you have any questions, please contact us at:<\/p>\n<p><strong>Midsummer AB<\/strong><br \/>Address: Elektronikh\u00f6jden 6175 43 J\u00e4rf\u00e4lla<br \/>E-mail: info@midsummer.se<br \/>Phone number:\u00a008-525 096 10<\/p>\t\t\t\t\t\t\t\t<\/div>\n\t\t\t\t<\/div>\n\t\t\t\t\t<\/div>\n\t\t<\/div>\n\t\t\t\t\t<\/div>\n\t\t<\/section>\n\t\t\t\t<\/div>\n\t\t","protected":false},"excerpt":{"rendered":"<p>Personal data policy and cookies General Midsummer AB respects your privacy and the right to have control over your personal information.<span class=\"more\">&#8230;<\/span><\/p>\n","protected":false},"author":2,"featured_media":0,"parent":0,"menu_order":130,"comment_status":"closed","ping_status":"closed","template":"elementor_header_footer","meta":{"_acf_changed":false,"content-type":"","footnotes":""},"hf_cat_page":[],"class_list":["post-28163","page","type-page","status-publish","hentry"],"acf":[],"yoast_head":"<!-- This site is optimized with the Yoast SEO plugin v27.4 - https:\/\/yoast.com\/product\/yoast-seo-wordpress\/ -->\n<title>Personal Data Policy - Midsummer<\/title>\n<meta name=\"robots\" content=\"index, follow, max-snippet:-1, max-image-preview:large, max-video-preview:-1\" \/>\n<link rel=\"canonical\" href=\"https:\/\/midsummer.se\/en\/personal-data-policy\/\" \/>\n<meta property=\"og:locale\" content=\"en_US\" \/>\n<meta property=\"og:type\" content=\"article\" \/>\n<meta property=\"og:title\" content=\"Personal Data Policy - Midsummer\" \/>\n<meta property=\"og:description\" content=\"Personal data policy and cookies General Midsummer AB respects your privacy and the right to have control over your personal information....\" \/>\n<meta property=\"og:url\" content=\"https:\/\/midsummer.se\/en\/personal-data-policy\/\" \/>\n<meta property=\"og:site_name\" content=\"Midsummer\" \/>\n<meta property=\"article:modified_time\" content=\"2023-09-18T08:16:08+00:00\" \/>\n<meta property=\"og:image\" content=\"https:\/\/midsummer.se\/wp-content\/uploads\/2024\/02\/2.png\" \/>\n\t<meta property=\"og:image:width\" content=\"1920\" \/>\n\t<meta property=\"og:image:height\" content=\"1280\" \/>\n\t<meta property=\"og:image:type\" content=\"image\/png\" \/>\n<meta name=\"twitter:card\" content=\"summary_large_image\" \/>\n<meta name=\"twitter:label1\" content=\"Est. reading time\" \/>\n\t<meta name=\"twitter:data1\" content=\"7 minutes\" \/>\n<script type=\"application\/ld+json\" class=\"yoast-schema-graph\">{\"@context\":\"https:\\\/\\\/schema.org\",\"@graph\":[{\"@type\":\"WebPage\",\"@id\":\"https:\\\/\\\/midsummer.se\\\/en\\\/personal-data-policy\\\/\",\"url\":\"https:\\\/\\\/midsummer.se\\\/en\\\/personal-data-policy\\\/\",\"name\":\"Personal Data Policy - Midsummer\",\"isPartOf\":{\"@id\":\"https:\\\/\\\/midsummer.se\\\/en\\\/#website\"},\"datePublished\":\"2021-02-17T10:43:39+00:00\",\"dateModified\":\"2023-09-18T08:16:08+00:00\",\"breadcrumb\":{\"@id\":\"https:\\\/\\\/midsummer.se\\\/en\\\/personal-data-policy\\\/#breadcrumb\"},\"inLanguage\":\"en-US\",\"potentialAction\":[{\"@type\":\"ReadAction\",\"target\":[\"https:\\\/\\\/midsummer.se\\\/en\\\/personal-data-policy\\\/\"]}]},{\"@type\":\"BreadcrumbList\",\"@id\":\"https:\\\/\\\/midsummer.se\\\/en\\\/personal-data-policy\\\/#breadcrumb\",\"itemListElement\":[{\"@type\":\"ListItem\",\"position\":1,\"name\":\"Hem\",\"item\":\"https:\\\/\\\/midsummer.se\\\/en\\\/\"},{\"@type\":\"ListItem\",\"position\":2,\"name\":\"Personal Data Policy\"}]},{\"@type\":\"WebSite\",\"@id\":\"https:\\\/\\\/midsummer.se\\\/en\\\/#website\",\"url\":\"https:\\\/\\\/midsummer.se\\\/en\\\/\",\"name\":\"Midsummer\",\"description\":\"\",\"publisher\":{\"@id\":\"https:\\\/\\\/midsummer.se\\\/en\\\/#organization\"},\"potentialAction\":[{\"@type\":\"SearchAction\",\"target\":{\"@type\":\"EntryPoint\",\"urlTemplate\":\"https:\\\/\\\/midsummer.se\\\/en\\\/?s={search_term_string}\"},\"query-input\":{\"@type\":\"PropertyValueSpecification\",\"valueRequired\":true,\"valueName\":\"search_term_string\"}}],\"inLanguage\":\"en-US\"},{\"@type\":\"Organization\",\"@id\":\"https:\\\/\\\/midsummer.se\\\/en\\\/#organization\",\"name\":\"Midsummer\",\"url\":\"https:\\\/\\\/midsummer.se\\\/en\\\/\",\"logo\":{\"@type\":\"ImageObject\",\"inLanguage\":\"en-US\",\"@id\":\"https:\\\/\\\/midsummer.se\\\/en\\\/#\\\/schema\\\/logo\\\/image\\\/\",\"url\":\"https:\\\/\\\/midsummer.se\\\/wp-content\\\/uploads\\\/2020\\\/02\\\/MidSumLogo.svg\",\"contentUrl\":\"https:\\\/\\\/midsummer.se\\\/wp-content\\\/uploads\\\/2020\\\/02\\\/MidSumLogo.svg\",\"width\":335,\"height\":96,\"caption\":\"Midsummer\"},\"image\":{\"@id\":\"https:\\\/\\\/midsummer.se\\\/en\\\/#\\\/schema\\\/logo\\\/image\\\/\"}}]}<\/script>\n<!-- \/ Yoast SEO plugin. -->","yoast_head_json":{"title":"Personal Data Policy - Midsummer","robots":{"index":"index","follow":"follow","max-snippet":"max-snippet:-1","max-image-preview":"max-image-preview:large","max-video-preview":"max-video-preview:-1"},"canonical":"https:\/\/midsummer.se\/en\/personal-data-policy\/","og_locale":"en_US","og_type":"article","og_title":"Personal Data Policy - Midsummer","og_description":"Personal data policy and cookies General Midsummer AB respects your privacy and the right to have control over your personal information....","og_url":"https:\/\/midsummer.se\/en\/personal-data-policy\/","og_site_name":"Midsummer","article_modified_time":"2023-09-18T08:16:08+00:00","og_image":[{"width":1920,"height":1280,"url":"https:\/\/midsummer.se\/wp-content\/uploads\/2024\/02\/2.png","type":"image\/png"}],"twitter_card":"summary_large_image","twitter_misc":{"Est. reading time":"7 minutes"},"schema":{"@context":"https:\/\/schema.org","@graph":[{"@type":"WebPage","@id":"https:\/\/midsummer.se\/en\/personal-data-policy\/","url":"https:\/\/midsummer.se\/en\/personal-data-policy\/","name":"Personal Data Policy - Midsummer","isPartOf":{"@id":"https:\/\/midsummer.se\/en\/#website"},"datePublished":"2021-02-17T10:43:39+00:00","dateModified":"2023-09-18T08:16:08+00:00","breadcrumb":{"@id":"https:\/\/midsummer.se\/en\/personal-data-policy\/#breadcrumb"},"inLanguage":"en-US","potentialAction":[{"@type":"ReadAction","target":["https:\/\/midsummer.se\/en\/personal-data-policy\/"]}]},{"@type":"BreadcrumbList","@id":"https:\/\/midsummer.se\/en\/personal-data-policy\/#breadcrumb","itemListElement":[{"@type":"ListItem","position":1,"name":"Hem","item":"https:\/\/midsummer.se\/en\/"},{"@type":"ListItem","position":2,"name":"Personal Data Policy"}]},{"@type":"WebSite","@id":"https:\/\/midsummer.se\/en\/#website","url":"https:\/\/midsummer.se\/en\/","name":"Midsummer","description":"","publisher":{"@id":"https:\/\/midsummer.se\/en\/#organization"},"potentialAction":[{"@type":"SearchAction","target":{"@type":"EntryPoint","urlTemplate":"https:\/\/midsummer.se\/en\/?s={search_term_string}"},"query-input":{"@type":"PropertyValueSpecification","valueRequired":true,"valueName":"search_term_string"}}],"inLanguage":"en-US"},{"@type":"Organization","@id":"https:\/\/midsummer.se\/en\/#organization","name":"Midsummer","url":"https:\/\/midsummer.se\/en\/","logo":{"@type":"ImageObject","inLanguage":"en-US","@id":"https:\/\/midsummer.se\/en\/#\/schema\/logo\/image\/","url":"https:\/\/midsummer.se\/wp-content\/uploads\/2020\/02\/MidSumLogo.svg","contentUrl":"https:\/\/midsummer.se\/wp-content\/uploads\/2020\/02\/MidSumLogo.svg","width":335,"height":96,"caption":"Midsummer"},"image":{"@id":"https:\/\/midsummer.se\/en\/#\/schema\/logo\/image\/"}}]}},"_links":{"self":[{"href":"https:\/\/midsummer.se\/en\/wp-json\/wp\/v2\/pages\/28163","targetHints":{"allow":["GET"]}}],"collection":[{"href":"https:\/\/midsummer.se\/en\/wp-json\/wp\/v2\/pages"}],"about":[{"href":"https:\/\/midsummer.se\/en\/wp-json\/wp\/v2\/types\/page"}],"author":[{"embeddable":true,"href":"https:\/\/midsummer.se\/en\/wp-json\/wp\/v2\/users\/2"}],"replies":[{"embeddable":true,"href":"https:\/\/midsummer.se\/en\/wp-json\/wp\/v2\/comments?post=28163"}],"version-history":[{"count":15,"href":"https:\/\/midsummer.se\/en\/wp-json\/wp\/v2\/pages\/28163\/revisions"}],"predecessor-version":[{"id":36163,"href":"https:\/\/midsummer.se\/en\/wp-json\/wp\/v2\/pages\/28163\/revisions\/36163"}],"wp:attachment":[{"href":"https:\/\/midsummer.se\/en\/wp-json\/wp\/v2\/media?parent=28163"}],"wp:term":[{"taxonomy":"hf_cat_page","embeddable":true,"href":"https:\/\/midsummer.se\/en\/wp-json\/wp\/v2\/hf_cat_page?post=28163"}],"curies":[{"name":"wp","href":"https:\/\/api.w.org\/{rel}","templated":true}]}}